{"id":278,"date":"2025-03-17T16:14:34","date_gmt":"2025-03-17T15:14:34","guid":{"rendered":"http:\/\/emma-ledru.fr\/?post_type=product&#038;p=278"},"modified":"2025-03-17T16:30:23","modified_gmt":"2025-03-17T15:30:23","slug":"reading-mermaid-2","status":"publish","type":"product","link":"https:\/\/emma-ledru.fr\/?product=reading-mermaid-2","title":{"rendered":"Reading mermaid"},"content":{"rendered":"<p data-start=\"25\" data-end=\"155\">Illustration originale \u00e0 l\u2019aquarelle. Elle est r\u00e9alis\u00e9e sur un papier press\u00e9 \u00e0 froid et est sign\u00e9e au dos,<img decoding=\"async\" src=\"http:\/\/emma-ledru.fr\/wp-content\/uploads\/2025\/03\/reading-mermaid.jpg\" alt=\"\" width=\"1\" height=\"1\" class=\"alignnone size-medium wp-image-142\" \/><img decoding=\"async\" src=\"http:\/\/emma-ledru.fr\/wp-content\/uploads\/2025\/03\/reading-mermaid.jpg\" alt=\"\" width=\"1\" height=\"1\" class=\"alignnone size-medium wp-image-142\" \/>en haut \u00e0 gauche. Je peux \u00e9galement signer devant si vous le souhaitez.<\/p>\n<p data-start=\"157\" data-end=\"187\" data-is-last-node=\"\" data-is-only-node=\"\">Format A5 horizontal. 2024.<\/p>\n","protected":false},"excerpt":{"rendered":"<p>Illustration originale \u00e0 l\u2019aquarelle. Elle est r\u00e9alis\u00e9e sur un papier press\u00e9 \u00e0 froid et est sign\u00e9e au dos,en haut \u00e0 gauche. Je peux \u00e9galement signer devant si vous le souhaitez. Format A5 horizontal. 2024.<\/p>\n","protected":false},"featured_media":273,"template":"","meta":[],"product_brand":[],"product_cat":[22],"product_tag":[],"class_list":{"0":"post-278","1":"product","2":"type-product","3":"status-publish","4":"has-post-thumbnail","6":"product_cat-originaux","8":"first","9":"instock","10":"shipping-taxable","11":"purchasable","12":"product-type-simple"},"_links":{"self":[{"href":"https:\/\/emma-ledru.fr\/index.php?rest_route=\/wp\/v2\/product\/278","targetHints":{"allow":["GET"]}}],"collection":[{"href":"https:\/\/emma-ledru.fr\/index.php?rest_route=\/wp\/v2\/product"}],"about":[{"href":"https:\/\/emma-ledru.fr\/index.php?rest_route=\/wp\/v2\/types\/product"}],"wp:featuredmedia":[{"embeddable":true,"href":"https:\/\/emma-ledru.fr\/index.php?rest_route=\/wp\/v2\/media\/273"}],"wp:attachment":[{"href":"https:\/\/emma-ledru.fr\/index.php?rest_route=%2Fwp%2Fv2%2Fmedia&parent=278"}],"wp:term":[{"taxonomy":"product_brand","embeddable":true,"href":"https:\/\/emma-ledru.fr\/index.php?rest_route=%2Fwp%2Fv2%2Fproduct_brand&post=278"},{"taxonomy":"product_cat","embeddable":true,"href":"https:\/\/emma-ledru.fr\/index.php?rest_route=%2Fwp%2Fv2%2Fproduct_cat&post=278"},{"taxonomy":"product_tag","embeddable":true,"href":"https:\/\/emma-ledru.fr\/index.php?rest_route=%2Fwp%2Fv2%2Fproduct_tag&post=278"}],"curies":[{"name":"wp","href":"https:\/\/api.w.org\/{rel}","templated":true}]}}