{"id":275,"date":"2025-03-17T15:59:52","date_gmt":"2025-03-17T14:59:52","guid":{"rendered":"http:\/\/emma-ledru.fr\/?post_type=product&#038;p=275"},"modified":"2025-03-17T16:32:33","modified_gmt":"2025-03-17T15:32:33","slug":"le-dragon-de-bois","status":"publish","type":"product","link":"https:\/\/emma-ledru.fr\/?product=le-dragon-de-bois","title":{"rendered":"Le dragon de bois"},"content":{"rendered":"<p data-start=\"25\" data-end=\"155\">Illustration originale \u00e0 l\u2019aquarelle. Elle est r\u00e9alis\u00e9e sur un papier press\u00e9 \u00e0 froid et est sign\u00e9e devant, en bas \u00e0 gauche (ainsi qu&#8217;au dos \u00e9galement).<\/p>\n<p data-start=\"25\" data-end=\"155\">Format A5 horizontal. 2024.<\/p>\n","protected":false},"excerpt":{"rendered":"<p>Illustration originale \u00e0 l\u2019aquarelle. Elle est r\u00e9alis\u00e9e sur un papier press\u00e9 \u00e0 froid et est sign\u00e9e devant, en bas \u00e0 gauche (ainsi qu&#8217;au dos \u00e9galement). Format A5 horizontal. 2024.<\/p>\n","protected":false},"featured_media":276,"template":"","meta":[],"product_brand":[],"product_cat":[22],"product_tag":[],"class_list":{"0":"post-275","1":"product","2":"type-product","3":"status-publish","4":"has-post-thumbnail","6":"product_cat-originaux","8":"first","9":"instock","10":"shipping-taxable","11":"purchasable","12":"product-type-simple"},"_links":{"self":[{"href":"https:\/\/emma-ledru.fr\/index.php?rest_route=\/wp\/v2\/product\/275","targetHints":{"allow":["GET"]}}],"collection":[{"href":"https:\/\/emma-ledru.fr\/index.php?rest_route=\/wp\/v2\/product"}],"about":[{"href":"https:\/\/emma-ledru.fr\/index.php?rest_route=\/wp\/v2\/types\/product"}],"wp:featuredmedia":[{"embeddable":true,"href":"https:\/\/emma-ledru.fr\/index.php?rest_route=\/wp\/v2\/media\/276"}],"wp:attachment":[{"href":"https:\/\/emma-ledru.fr\/index.php?rest_route=%2Fwp%2Fv2%2Fmedia&parent=275"}],"wp:term":[{"taxonomy":"product_brand","embeddable":true,"href":"https:\/\/emma-ledru.fr\/index.php?rest_route=%2Fwp%2Fv2%2Fproduct_brand&post=275"},{"taxonomy":"product_cat","embeddable":true,"href":"https:\/\/emma-ledru.fr\/index.php?rest_route=%2Fwp%2Fv2%2Fproduct_cat&post=275"},{"taxonomy":"product_tag","embeddable":true,"href":"https:\/\/emma-ledru.fr\/index.php?rest_route=%2Fwp%2Fv2%2Fproduct_tag&post=275"}],"curies":[{"name":"wp","href":"https:\/\/api.w.org\/{rel}","templated":true}]}}