{"id":91,"date":"2025-03-14T18:53:03","date_gmt":"2025-03-14T17:53:03","guid":{"rendered":"http:\/\/emma-ledru.fr\/?page_id=91"},"modified":"2025-03-15T16:32:23","modified_gmt":"2025-03-15T15:32:23","slug":"projets-2","status":"publish","type":"page","link":"https:\/\/emma-ledru.fr\/?page_id=91","title":{"rendered":"Projets"},"content":{"rendered":"<p class=\"attachment\"><a href='https:\/\/emma-ledru.fr\/wp-content\/uploads\/2025\/03\/MOCK-UP-2-FINAL-scaled.jpg'><img fetchpriority=\"high\" decoding=\"async\" width=\"300\" height=\"200\" src=\"https:\/\/emma-ledru.fr\/wp-content\/uploads\/2025\/03\/MOCK-UP-2-FINAL-300x200.jpg\" class=\"attachment-medium size-medium\" alt=\"\" srcset=\"https:\/\/emma-ledru.fr\/wp-content\/uploads\/2025\/03\/MOCK-UP-2-FINAL-300x200.jpg 300w, https:\/\/emma-ledru.fr\/wp-content\/uploads\/2025\/03\/MOCK-UP-2-FINAL-1024x683.jpg 1024w, https:\/\/emma-ledru.fr\/wp-content\/uploads\/2025\/03\/MOCK-UP-2-FINAL-768x512.jpg 768w, https:\/\/emma-ledru.fr\/wp-content\/uploads\/2025\/03\/MOCK-UP-2-FINAL-1536x1024.jpg 1536w, https:\/\/emma-ledru.fr\/wp-content\/uploads\/2025\/03\/MOCK-UP-2-FINAL-2048x1365.jpg 2048w, https:\/\/emma-ledru.fr\/wp-content\/uploads\/2025\/03\/MOCK-UP-2-FINAL-360x240.jpg 360w, https:\/\/emma-ledru.fr\/wp-content\/uploads\/2025\/03\/MOCK-UP-2-FINAL-600x400.jpg 600w\" sizes=\"(max-width: 300px) 100vw, 300px\" \/><\/a><\/p>\n\t\t<div data-elementor-type=\"wp-page\" data-elementor-id=\"91\" class=\"elementor elementor-91\">\n\t\t\t\t<div class=\"elementor-element elementor-element-8c3f3fc e-flex e-con-boxed wpr-particle-no wpr-jarallax-no wpr-parallax-no wpr-sticky-section-no e-con e-parent\" data-id=\"8c3f3fc\" data-element_type=\"container\">\n\t\t\t\t\t<div class=\"e-con-inner\">\n\t\t\t\t<div class=\"elementor-element elementor-element-1deefd0 elementor-widget elementor-widget-spacer\" data-id=\"1deefd0\" data-element_type=\"widget\" data-widget_type=\"spacer.default\">\n\t\t\t\t<div class=\"elementor-widget-container\">\n\t\t\t\t\t\t\t<div class=\"elementor-spacer\">\n\t\t\t<div class=\"elementor-spacer-inner\"><\/div>\n\t\t<\/div>\n\t\t\t\t\t\t<\/div>\n\t\t\t\t<\/div>\n\t\t\t\t<div class=\"elementor-element elementor-element-d4431e1 elementor-widget elementor-widget-heading\" data-id=\"d4431e1\" data-element_type=\"widget\" data-widget_type=\"heading.default\">\n\t\t\t\t<div class=\"elementor-widget-container\">\n\t\t\t\t\t<h3 class=\"elementor-heading-title elementor-size-default\">Projets personnels<\/h3>\t\t\t\t<\/div>\n\t\t\t\t<\/div>\n\t\t\t\t<div class=\"elementor-element elementor-element-04ad690 elementor-widget elementor-widget-heading\" data-id=\"04ad690\" data-element_type=\"widget\" data-widget_type=\"heading.default\">\n\t\t\t\t<div class=\"elementor-widget-container\">\n\t\t\t\t\t<h5 class=\"elementor-heading-title elementor-size-default\">Illustration de texte<\/h5>\t\t\t\t<\/div>\n\t\t\t\t<\/div>\n\t\t\t\t<div class=\"elementor-element elementor-element-34d4954 elementor-widget elementor-widget-text-editor\" data-id=\"34d4954\" data-element_type=\"widget\" data-widget_type=\"text-editor.default\">\n\t\t\t\t<div class=\"elementor-widget-container\">\n\t\t\t\t\t\t\t\t\t<p><span>Illustration d&#8217;apre\u0300s un extrait de l&#8217;\u0153uvre de Marie Colmont : <\/span><em>Histoire du tigre en bois,<\/em><span> 1945. Format A4, 2022.<\/span><\/p>\t\t\t\t\t\t\t\t<\/div>\n\t\t\t\t<\/div>\n\t\t\t\t<div class=\"elementor-element elementor-element-a6d6ece elementor-widget elementor-widget-image\" data-id=\"a6d6ece\" data-element_type=\"widget\" data-widget_type=\"image.default\">\n\t\t\t\t<div class=\"elementor-widget-container\">\n\t\t\t\t\t\t\t\t\t\t\t\t\t\t\t<img decoding=\"async\" width=\"1136\" height=\"1536\" src=\"https:\/\/emma-ledru.fr\/wp-content\/uploads\/2025\/03\/Le-Tigre-en-bois-texte-1136x1536.jpg\" class=\"attachment-1536x1536 size-1536x1536 wp-image-152\" alt=\"\" srcset=\"https:\/\/emma-ledru.fr\/wp-content\/uploads\/2025\/03\/Le-Tigre-en-bois-texte-1136x1536.jpg 1136w, https:\/\/emma-ledru.fr\/wp-content\/uploads\/2025\/03\/Le-Tigre-en-bois-texte-222x300.jpg 222w, https:\/\/emma-ledru.fr\/wp-content\/uploads\/2025\/03\/Le-Tigre-en-bois-texte-757x1024.jpg 757w, https:\/\/emma-ledru.fr\/wp-content\/uploads\/2025\/03\/Le-Tigre-en-bois-texte-768x1039.jpg 768w, https:\/\/emma-ledru.fr\/wp-content\/uploads\/2025\/03\/Le-Tigre-en-bois-texte-1514x2048.jpg 1514w, https:\/\/emma-ledru.fr\/wp-content\/uploads\/2025\/03\/Le-Tigre-en-bois-texte-500x676.jpg 500w, https:\/\/emma-ledru.fr\/wp-content\/uploads\/2025\/03\/Le-Tigre-en-bois-texte-800x1082.jpg 800w, https:\/\/emma-ledru.fr\/wp-content\/uploads\/2025\/03\/Le-Tigre-en-bois-texte-1280x1731.jpg 1280w, https:\/\/emma-ledru.fr\/wp-content\/uploads\/2025\/03\/Le-Tigre-en-bois-texte-1920x2597.jpg 1920w, https:\/\/emma-ledru.fr\/wp-content\/uploads\/2025\/03\/Le-Tigre-en-bois-texte-600x811.jpg 600w, https:\/\/emma-ledru.fr\/wp-content\/uploads\/2025\/03\/Le-Tigre-en-bois-texte-scaled.jpg 1893w\" sizes=\"(max-width: 1136px) 100vw, 1136px\" \/>\t\t\t\t\t\t\t\t\t\t\t\t\t\t\t<\/div>\n\t\t\t\t<\/div>\n\t\t\t\t\t<\/div>\n\t\t\t\t<\/div>\n\t\t<div class=\"elementor-element elementor-element-3f3163d e-flex e-con-boxed wpr-particle-no wpr-jarallax-no wpr-parallax-no wpr-sticky-section-no e-con e-parent\" data-id=\"3f3163d\" data-element_type=\"container\">\n\t\t\t\t\t<div class=\"e-con-inner\">\n\t\t\t\t<div class=\"elementor-element elementor-element-290545f elementor-widget elementor-widget-spacer\" data-id=\"290545f\" data-element_type=\"widget\" data-widget_type=\"spacer.default\">\n\t\t\t\t<div class=\"elementor-widget-container\">\n\t\t\t\t\t\t\t<div class=\"elementor-spacer\">\n\t\t\t<div class=\"elementor-spacer-inner\"><\/div>\n\t\t<\/div>\n\t\t\t\t\t\t<\/div>\n\t\t\t\t<\/div>\n\t\t\t\t<div class=\"elementor-element elementor-element-be81aa9 elementor-widget elementor-widget-heading\" data-id=\"be81aa9\" data-element_type=\"widget\" data-widget_type=\"heading.default\">\n\t\t\t\t<div class=\"elementor-widget-container\">\n\t\t\t\t\t<h5 class=\"elementor-heading-title elementor-size-default\">Couverture de roman<\/h5>\t\t\t\t<\/div>\n\t\t\t\t<\/div>\n\t\t\t\t<div class=\"elementor-element elementor-element-3c66c4e elementor-widget elementor-widget-text-editor\" data-id=\"3c66c4e\" data-element_type=\"widget\" data-widget_type=\"text-editor.default\">\n\t\t\t\t<div class=\"elementor-widget-container\">\n\t\t\t\t\t\t\t\t\t<p><span>Projet fictif. Illustration de la couverture du tome 4 de la saga Phobos de Victor Dixen. Aquarelles sur format A4, retouches sur Photoshop et Procreate. Mise en page sur InDesign. Le placement et les textes sont repris de l&#8217;\u00e9dition du roman chez Pocket Jeunesse, 2021. Remaniement du r\u00e9sum\u00e9 de la quatri\u00e8me de couverture. 2023.<\/span><\/p>\t\t\t\t\t\t\t\t<\/div>\n\t\t\t\t<\/div>\n\t\t\t\t\t<\/div>\n\t\t\t\t<\/div>\n\t\t<div class=\"elementor-element elementor-element-53bafcc e-flex e-con-boxed wpr-particle-no wpr-jarallax-no wpr-parallax-no wpr-sticky-section-no e-con e-parent\" data-id=\"53bafcc\" data-element_type=\"container\">\n\t\t\t\t\t<div class=\"e-con-inner\">\n\t\t\t\t<div class=\"elementor-element elementor-element-7e4d7a0 wpr-grid-columns-2 wpr-grid-columns--tablet3 wpr-grid-columns--mobile1 wpr-grid-pagination-center elementor-widget elementor-widget-wpr-media-grid\" data-id=\"7e4d7a0\" data-element_type=\"widget\" data-widget_type=\"wpr-media-grid.default\">\n\t\t\t\t<div class=\"elementor-widget-container\">\n\t\t\t\t\t<section class=\"wpr-grid wpr-media-grid elementor-clearfix\" data-settings=\"{&quot;layout&quot;:&quot;masonry&quot;,&quot;columns_desktop&quot;:&quot;2&quot;,&quot;gutter_hr&quot;:10,&quot;gutter_hr_mobile&quot;:10,&quot;gutter_hr_mobile_extra&quot;:10,&quot;gutter_hr_tablet&quot;:10,&quot;gutter_hr_tablet_extra&quot;:10,&quot;gutter_hr_laptop&quot;:10,&quot;gutter_hr_widescreen&quot;:10,&quot;gutter_vr&quot;:10,&quot;gutter_vr_mobile&quot;:10,&quot;gutter_vr_mobile_extra&quot;:10,&quot;gutter_vr_tablet&quot;:10,&quot;gutter_vr_tablet_extra&quot;:10,&quot;gutter_vr_laptop&quot;:10,&quot;gutter_vr_widescreen&quot;:10,&quot;animation&quot;:&quot;default&quot;,&quot;animation_duration&quot;:0.3,&quot;animation_delay&quot;:0.1,&quot;deeplinking&quot;:&quot;&quot;,&quot;filters_default_filter&quot;:&quot;&quot;,&quot;filters_linkable&quot;:&quot;no&quot;,&quot;filters_count&quot;:&quot;&quot;,&quot;filters_hide_empty&quot;:&quot;no&quot;,&quot;filters_animation&quot;:&quot;default&quot;,&quot;filters_animation_duration&quot;:0.3,&quot;filters_animation_delay&quot;:0.1,&quot;pagination_type&quot;:&quot;load-more&quot;,&quot;pagination_max_pages&quot;:1,&quot;lightbox&quot;:{&quot;selector&quot;:&quot;.wpr-grid-image-wrap&quot;,&quot;iframeMaxWidth&quot;:&quot;60%&quot;,&quot;hash&quot;:false,&quot;autoplay&quot;:&quot;true&quot;,&quot;pause&quot;:5000,&quot;progressBar&quot;:&quot;true&quot;,&quot;counter&quot;:&quot;true&quot;,&quot;controls&quot;:&quot;true&quot;,&quot;getCaptionFromTitleOrAlt&quot;:&quot;true&quot;,&quot;thumbnail&quot;:&quot;&quot;,&quot;showThumbByDefault&quot;:&quot;&quot;,&quot;share&quot;:&quot;&quot;,&quot;zoom&quot;:&quot;true&quot;,&quot;fullScreen&quot;:&quot;true&quot;,&quot;download&quot;:&quot;true&quot;}}\"><article class=\"wpr-grid-item elementor-clearfix post-227 attachment type-attachment status-inherit hentry\"><div class=\"wpr-grid-item-inner\"><div class=\"wpr-grid-media-wrap wpr-effect-size-small \"><div class=\"wpr-grid-image-wrap\" data-src=\"https:\/\/emma-ledru.fr\/wp-content\/uploads\/2025\/03\/RENDU-FINAL-scaled.jpg\"><img decoding=\"async\" src=\"https:\/\/emma-ledru.fr\/wp-content\/uploads\/2025\/03\/RENDU-FINAL-scaled.jpg\" alt=\"RENDU FINAL\" class=\"wpr-anim-timing-ease-default\"><\/div><div class=\"wpr-grid-media-hover wpr-animation-wrap\"><div class=\"wpr-grid-media-hover-bg  wpr-overlay-fade-in wpr-anim-size-large wpr-anim-timing-ease-default wpr-anim-transparency\" data-url=\"https:\/\/emma-ledru.fr\/?attachment_id=227\"><\/div><div class=\"wpr-cv-container\"><div class=\"wpr-cv-outer\"><div class=\"wpr-cv-inner\"><div class=\"wpr-grid-media-hover-middle elementor-clearfix\"><div class=\"wpr-grid-item-lightbox elementor-repeater-item-bf8d0d5 wpr-grid-item-display-block wpr-grid-item-align-center wpr-element-fade-in wpr-anim-size-large wpr-anim-timing-ease-default wpr-anim-transparency\"><div class=\"inner-block\"><span data-src=\"https:\/\/emma-ledru.fr\/wp-content\/uploads\/2025\/03\/RENDU-FINAL-scaled.jpg\"><i class=\"fas fa-search\"><\/i><\/span><div class=\"wpr-grid-lightbox-overlay\"><\/div><\/div><\/div><h2 class=\"wpr-grid-item-title elementor-repeater-item-42c42c0 wpr-grid-item-display-block wpr-grid-item-align-center wpr-element-fade-in wpr-anim-size-large wpr-anim-timing-ease-default wpr-anim-transparency wpr-pointer-none wpr-pointer-line-fx wpr-pointer-fx-fade\"><div class=\"inner-block\"><a  href=\"https:\/\/emma-ledru.fr\/?attachment_id=227\">RENDU FINAL<\/a><\/div><\/h2><\/div><\/div><\/div><\/div><\/div><\/div><\/div><\/article><article class=\"wpr-grid-item elementor-clearfix post-229 attachment type-attachment status-inherit hentry\"><div class=\"wpr-grid-item-inner\"><div class=\"wpr-grid-media-wrap wpr-effect-size-small \"><div class=\"wpr-grid-image-wrap\" data-src=\"https:\/\/emma-ledru.fr\/wp-content\/uploads\/2025\/03\/MOCK-UP-2-FINAL-scaled.jpg\"><img decoding=\"async\" src=\"https:\/\/emma-ledru.fr\/wp-content\/uploads\/2025\/03\/MOCK-UP-2-FINAL-scaled.jpg\" alt=\"MOCK UP 2 FINAL\" class=\"wpr-anim-timing-ease-default\"><\/div><div class=\"wpr-grid-media-hover wpr-animation-wrap\"><div class=\"wpr-grid-media-hover-bg  wpr-overlay-fade-in wpr-anim-size-large wpr-anim-timing-ease-default wpr-anim-transparency\" data-url=\"https:\/\/emma-ledru.fr\/?attachment_id=229\"><\/div><div class=\"wpr-cv-container\"><div class=\"wpr-cv-outer\"><div class=\"wpr-cv-inner\"><div class=\"wpr-grid-media-hover-middle elementor-clearfix\"><div class=\"wpr-grid-item-lightbox elementor-repeater-item-bf8d0d5 wpr-grid-item-display-block wpr-grid-item-align-center wpr-element-fade-in wpr-anim-size-large wpr-anim-timing-ease-default wpr-anim-transparency\"><div class=\"inner-block\"><span data-src=\"https:\/\/emma-ledru.fr\/wp-content\/uploads\/2025\/03\/MOCK-UP-2-FINAL-scaled.jpg\"><i class=\"fas fa-search\"><\/i><\/span><div class=\"wpr-grid-lightbox-overlay\"><\/div><\/div><\/div><h2 class=\"wpr-grid-item-title elementor-repeater-item-42c42c0 wpr-grid-item-display-block wpr-grid-item-align-center wpr-element-fade-in wpr-anim-size-large wpr-anim-timing-ease-default wpr-anim-transparency wpr-pointer-none wpr-pointer-line-fx wpr-pointer-fx-fade\"><div class=\"inner-block\"><a  href=\"https:\/\/emma-ledru.fr\/?attachment_id=229\">MOCK UP 2 FINAL<\/a><\/div><\/h2><\/div><\/div><\/div><\/div><\/div><\/div><\/div><\/article><\/section>\t\t\t\t<\/div>\n\t\t\t\t<\/div>\n\t\t\t\t<div class=\"elementor-element elementor-element-7c324d9 elementor-widget elementor-widget-spacer\" data-id=\"7c324d9\" data-element_type=\"widget\" data-widget_type=\"spacer.default\">\n\t\t\t\t<div class=\"elementor-widget-container\">\n\t\t\t\t\t\t\t<div class=\"elementor-spacer\">\n\t\t\t<div class=\"elementor-spacer-inner\"><\/div>\n\t\t<\/div>\n\t\t\t\t\t\t<\/div>\n\t\t\t\t<\/div>\n\t\t\t\t<div class=\"elementor-element elementor-element-e9c8382 elementor-widget elementor-widget-heading\" data-id=\"e9c8382\" data-element_type=\"widget\" data-widget_type=\"heading.default\">\n\t\t\t\t<div class=\"elementor-widget-container\">\n\t\t\t\t\t<h4 class=\"elementor-heading-title elementor-size-default\">Projets collectifs<\/h4>\t\t\t\t<\/div>\n\t\t\t\t<\/div>\n\t\t\t\t<div class=\"elementor-element elementor-element-f69a76e elementor-widget elementor-widget-heading\" data-id=\"f69a76e\" data-element_type=\"widget\" data-widget_type=\"heading.default\">\n\t\t\t\t<div class=\"elementor-widget-container\">\n\t\t\t\t\t<h5 class=\"elementor-heading-title elementor-size-default\">Illustration<\/h5>\t\t\t\t<\/div>\n\t\t\t\t<\/div>\n\t\t\t\t<div class=\"elementor-element elementor-element-05bcb02 elementor-widget elementor-widget-text-editor\" data-id=\"05bcb02\" data-element_type=\"widget\" data-widget_type=\"text-editor.default\">\n\t\t\t\t<div class=\"elementor-widget-container\">\n\t\t\t\t\t\t\t\t\t<p><span>Illustrations pour la troisi\u00e8me nouvelle du fanzine <\/span><em>Esprits et compagnie\u00a0<\/em><span>\u00e9crit par Ana\u00efs Coste. Format A5, 2023.<\/span><\/p>\t\t\t\t\t\t\t\t<\/div>\n\t\t\t\t<\/div>\n\t\t<div class=\"elementor-element elementor-element-130072e e-con-full e-flex wpr-particle-no wpr-jarallax-no wpr-parallax-no wpr-sticky-section-no e-con e-child\" data-id=\"130072e\" data-element_type=\"container\">\n\t\t<div class=\"elementor-element elementor-element-685f8cc e-grid e-con-full wpr-particle-no wpr-jarallax-no wpr-parallax-no wpr-sticky-section-no e-con e-child\" data-id=\"685f8cc\" data-element_type=\"container\">\n\t\t\t\t<div class=\"elementor-element elementor-element-2dae59e elementor-widget elementor-widget-image\" data-id=\"2dae59e\" data-element_type=\"widget\" data-widget_type=\"image.default\">\n\t\t\t\t<div class=\"elementor-widget-container\">\n\t\t\t\t\t\t\t\t\t\t\t\t\t\t\t<img decoding=\"async\" width=\"723\" height=\"1024\" src=\"https:\/\/emma-ledru.fr\/wp-content\/uploads\/2025\/03\/Le-salon-723x1024.jpeg\" class=\"attachment-large size-large wp-image-236\" alt=\"\" srcset=\"https:\/\/emma-ledru.fr\/wp-content\/uploads\/2025\/03\/Le-salon-723x1024.jpeg 723w, https:\/\/emma-ledru.fr\/wp-content\/uploads\/2025\/03\/Le-salon-212x300.jpeg 212w, https:\/\/emma-ledru.fr\/wp-content\/uploads\/2025\/03\/Le-salon-768x1088.jpeg 768w, https:\/\/emma-ledru.fr\/wp-content\/uploads\/2025\/03\/Le-salon-1084x1536.jpeg 1084w, https:\/\/emma-ledru.fr\/wp-content\/uploads\/2025\/03\/Le-salon-1445x2048.jpeg 1445w, https:\/\/emma-ledru.fr\/wp-content\/uploads\/2025\/03\/Le-salon-600x850.jpeg 600w, https:\/\/emma-ledru.fr\/wp-content\/uploads\/2025\/03\/Le-salon-scaled.jpeg 1806w\" sizes=\"(max-width: 723px) 100vw, 723px\" \/>\t\t\t\t\t\t\t\t\t\t\t\t\t\t\t<\/div>\n\t\t\t\t<\/div>\n\t\t\t\t<div class=\"elementor-element elementor-element-db37148 elementor-widget elementor-widget-image\" data-id=\"db37148\" data-element_type=\"widget\" data-widget_type=\"image.default\">\n\t\t\t\t<div class=\"elementor-widget-container\">\n\t\t\t\t\t\t\t\t\t\t\t\t\t\t\t<img loading=\"lazy\" decoding=\"async\" width=\"712\" height=\"1024\" src=\"https:\/\/emma-ledru.fr\/wp-content\/uploads\/2025\/03\/Illu-Nonna-Maria-712x1024.jpeg\" class=\"attachment-large size-large wp-image-235\" alt=\"\" srcset=\"https:\/\/emma-ledru.fr\/wp-content\/uploads\/2025\/03\/Illu-Nonna-Maria-712x1024.jpeg 712w, https:\/\/emma-ledru.fr\/wp-content\/uploads\/2025\/03\/Illu-Nonna-Maria-209x300.jpeg 209w, https:\/\/emma-ledru.fr\/wp-content\/uploads\/2025\/03\/Illu-Nonna-Maria-768x1105.jpeg 768w, https:\/\/emma-ledru.fr\/wp-content\/uploads\/2025\/03\/Illu-Nonna-Maria-1068x1536.jpeg 1068w, https:\/\/emma-ledru.fr\/wp-content\/uploads\/2025\/03\/Illu-Nonna-Maria-1424x2048.jpeg 1424w, https:\/\/emma-ledru.fr\/wp-content\/uploads\/2025\/03\/Illu-Nonna-Maria-600x863.jpeg 600w, https:\/\/emma-ledru.fr\/wp-content\/uploads\/2025\/03\/Illu-Nonna-Maria-scaled.jpeg 1780w\" sizes=\"(max-width: 712px) 100vw, 712px\" \/>\t\t\t\t\t\t\t\t\t\t\t\t\t\t\t<\/div>\n\t\t\t\t<\/div>\n\t\t\t\t<\/div>\n\t\t\t\t<\/div>\n\t\t\t\t\t<\/div>\n\t\t\t\t<\/div>\n\t\t<div class=\"elementor-element elementor-element-229bf2c e-flex e-con-boxed wpr-particle-no wpr-jarallax-no wpr-parallax-no wpr-sticky-section-no e-con e-parent\" data-id=\"229bf2c\" data-element_type=\"container\">\n\t\t\t\t\t<div class=\"e-con-inner\">\n\t\t\t\t<div class=\"elementor-element elementor-element-fe2e6e4 elementor-widget elementor-widget-text-editor\" data-id=\"fe2e6e4\" data-element_type=\"widget\" data-widget_type=\"text-editor.default\">\n\t\t\t\t<div class=\"elementor-widget-container\">\n\t\t\t\t\t\t\t\t\t<p><span>Illustration de cartes postales accompagnant la repr\u00e9sentation de spectacles :\u00a0<\/span><em>Karl<\/em><span> (compagnie Betty BoiBrut&#8217;) \/\u00a0<\/span><em>Le petit B<\/em><span> (Compagnie Marion Muzac) \/ <\/span><em>Une petite f\u00eate<\/em><span> (Compagnie du Carrousel) pour la saison culturelle de Poitiers &#8220;Les petits devant, les grands derri\u00e8re&#8221;. Format A5, 2024.<\/span><\/p>\t\t\t\t\t\t\t\t<\/div>\n\t\t\t\t<\/div>\n\t\t\t\t<div class=\"elementor-element elementor-element-9b2163a elementor-arrows-position-inside elementor-widget elementor-widget-image-carousel\" data-id=\"9b2163a\" data-element_type=\"widget\" data-settings=\"{&quot;slides_to_show&quot;:&quot;3&quot;,&quot;slides_to_scroll&quot;:&quot;3&quot;,&quot;navigation&quot;:&quot;arrows&quot;,&quot;autoplay&quot;:&quot;yes&quot;,&quot;pause_on_hover&quot;:&quot;yes&quot;,&quot;pause_on_interaction&quot;:&quot;yes&quot;,&quot;autoplay_speed&quot;:5000,&quot;infinite&quot;:&quot;yes&quot;,&quot;speed&quot;:500}\" data-widget_type=\"image-carousel.default\">\n\t\t\t\t<div class=\"elementor-widget-container\">\n\t\t\t\t\t\t\t<div class=\"elementor-image-carousel-wrapper swiper\" role=\"region\" aria-roledescription=\"carousel\" aria-label=\"Carrousel d\u2019images\" dir=\"ltr\">\n\t\t\t<div class=\"elementor-image-carousel swiper-wrapper\" aria-live=\"off\">\n\t\t\t\t\t\t\t\t<div class=\"swiper-slide\" role=\"group\" aria-roledescription=\"slide\" aria-label=\"1 of 3\"><figure class=\"swiper-slide-inner\"><img decoding=\"async\" class=\"swiper-slide-image\" src=\"https:\/\/emma-ledru.fr\/wp-content\/uploads\/2025\/03\/Carte_Postale_Karl-768x541.jpg\" alt=\"Carte_Postale_Karl\" \/><\/figure><\/div><div class=\"swiper-slide\" role=\"group\" aria-roledescription=\"slide\" aria-label=\"2 of 3\"><figure class=\"swiper-slide-inner\"><img decoding=\"async\" class=\"swiper-slide-image\" src=\"https:\/\/emma-ledru.fr\/wp-content\/uploads\/2025\/03\/Le_petit_B_Carte_postale-768x541.jpg\" alt=\"Le_petit_B_Carte_postale\" \/><\/figure><\/div><div class=\"swiper-slide\" role=\"group\" aria-roledescription=\"slide\" aria-label=\"3 of 3\"><figure class=\"swiper-slide-inner\"><img decoding=\"async\" class=\"swiper-slide-image\" src=\"https:\/\/emma-ledru.fr\/wp-content\/uploads\/2025\/03\/Une-petite-fete-carte-postale--768x541.png\" alt=\"Une petite f\u00eate carte postale\" \/><\/figure><\/div>\t\t\t<\/div>\n\t\t\t\t\t\t\t\t\t\t\t\t<div class=\"elementor-swiper-button elementor-swiper-button-prev\" role=\"button\" tabindex=\"0\">\n\t\t\t\t\t\t<svg aria-hidden=\"true\" class=\"e-font-icon-svg e-eicon-chevron-left\" viewBox=\"0 0 1000 1000\" xmlns=\"http:\/\/www.w3.org\/2000\/svg\"><path d=\"M646 125C629 125 613 133 604 142L308 442C296 454 292 471 292 487 292 504 296 521 308 533L604 854C617 867 629 875 646 875 663 875 679 871 692 858 704 846 713 829 713 812 713 796 708 779 692 767L438 487 692 225C700 217 708 204 708 187 708 171 704 154 692 142 675 129 663 125 646 125Z\"><\/path><\/svg>\t\t\t\t\t<\/div>\n\t\t\t\t\t<div class=\"elementor-swiper-button elementor-swiper-button-next\" role=\"button\" tabindex=\"0\">\n\t\t\t\t\t\t<svg aria-hidden=\"true\" class=\"e-font-icon-svg e-eicon-chevron-right\" viewBox=\"0 0 1000 1000\" xmlns=\"http:\/\/www.w3.org\/2000\/svg\"><path d=\"M696 533C708 521 713 504 713 487 713 471 708 454 696 446L400 146C388 133 375 125 354 125 338 125 325 129 313 142 300 154 292 171 292 187 292 204 296 221 308 233L563 492 304 771C292 783 288 800 288 817 288 833 296 850 308 863 321 871 338 875 354 875 371 875 388 867 400 854L696 533Z\"><\/path><\/svg>\t\t\t\t\t<\/div>\n\t\t\t\t\n\t\t\t\t\t\t\t\t\t<\/div>\n\t\t\t\t\t\t<\/div>\n\t\t\t\t<\/div>\n\t\t\t\t\t<\/div>\n\t\t\t\t<\/div>\n\t\t\t\t<\/div>\n\t\t","protected":false},"excerpt":{"rendered":"<p>Projets personnels Illustration de texte Illustration d&#8217;apre\u0300s un extrait de l&#8217;\u0153uvre de Marie Colmont : Histoire du tigre en bois, 1945. Format A4, 2022. Couverture de roman Projet fictif. Illustration de la couverture du tome 4 de la saga Phobos de Victor Dixen. Aquarelles sur format A4, retouches sur Photoshop<\/p>\n","protected":false},"author":1,"featured_media":0,"parent":0,"menu_order":0,"comment_status":"closed","ping_status":"closed","template":"page-templates\/template-pagebuilder-full-width.php","meta":{"footnotes":""},"class_list":["post-91","page","type-page","status-publish","hentry"],"_links":{"self":[{"href":"https:\/\/emma-ledru.fr\/index.php?rest_route=\/wp\/v2\/pages\/91","targetHints":{"allow":["GET"]}}],"collection":[{"href":"https:\/\/emma-ledru.fr\/index.php?rest_route=\/wp\/v2\/pages"}],"about":[{"href":"https:\/\/emma-ledru.fr\/index.php?rest_route=\/wp\/v2\/types\/page"}],"author":[{"embeddable":true,"href":"https:\/\/emma-ledru.fr\/index.php?rest_route=\/wp\/v2\/users\/1"}],"replies":[{"embeddable":true,"href":"https:\/\/emma-ledru.fr\/index.php?rest_route=%2Fwp%2Fv2%2Fcomments&post=91"}],"version-history":[{"count":11,"href":"https:\/\/emma-ledru.fr\/index.php?rest_route=\/wp\/v2\/pages\/91\/revisions"}],"predecessor-version":[{"id":247,"href":"https:\/\/emma-ledru.fr\/index.php?rest_route=\/wp\/v2\/pages\/91\/revisions\/247"}],"wp:attachment":[{"href":"https:\/\/emma-ledru.fr\/index.php?rest_route=%2Fwp%2Fv2%2Fmedia&parent=91"}],"curies":[{"name":"wp","href":"https:\/\/api.w.org\/{rel}","templated":true}]}}